{"id":1227,"date":"2021-03-19T07:41:02","date_gmt":"2021-03-19T06:41:02","guid":{"rendered":"https:\/\/abb-notaries.www.schurtipartners.com\/?page_id=1227"},"modified":"2024-02-25T16:07:35","modified_gmt":"2024-02-25T15:07:35","slug":"dienstleistungen","status":"publish","type":"page","link":"https:\/\/www.abb-notaries.com\/de\/dienstleistungen\/","title":{"rendered":"Dienstleistungen"},"content":{"rendered":"<p><strong>\u00d6ffentliche Urkunden<br \/>\n<\/strong>Das Gesetz verlangt f\u00fcr bestimmte Rechtsgesch\u00e4fte und andere Rechtsakte, wie beispielsweise f\u00fcr die Errichtung einer Aktiengesellschaft oder f\u00fcr die Abtretung eines GmbH-Anteils, die Form der \u00f6ffentlichen Beurkundung.<\/p>\n<p>Hier kommen wir ins Spiel. Als \u00f6ffentliche Notare beraten wir Sie rechtlich umfassend in Bezug auf das von Ihnen abzuschliessende Rechtsgesch\u00e4ft und fertigen f\u00fcr Sie die \u00f6ffentliche Urkunde an. Dabei k\u00f6nnen wir nicht nur Rechtsgesch\u00e4fte nach liechtensteinischem, sondern auch nach ausl\u00e4ndischem Recht beurkunden.<\/p>\n<p><strong>Beglaubigte Unterschriften<br \/>\n<\/strong>Bei uns k\u00f6nnen Sie schnell und unkompliziert Ihre Unterschrift beglaubigen lassen.<\/p>\n<p><strong>Beglaubigte Kopien<br \/>\n<\/strong>Gerne stellen wir f\u00fcr Sie beglaubigte Kopien, Abschriften und Ausz\u00fcge her.<\/p>\n<p><strong>Eidesstattliche Erkl\u00e4rungen und Zeugeneinvernahmen<br \/>\n<\/strong>Als \u00f6ffentliche Notare nehmen wir eidesstattliche Erkl\u00e4rungen ab und protokollieren Zeugeneinvernahmen zwecks Verwendung in ausl\u00e4ndischen Gerichtsverfahren.<\/p>\n<p><strong>Beglaubigte \u00dcbersetzungen<br \/>\n<\/strong>Gerne stellen wir f\u00fcr Sie beglaubigte \u00dcbersetzungen her.<\/p>\n<p><strong>Beurkundung von Tatsachen und Rechtsverh\u00e4ltnissen<br \/>\n<\/strong>Als \u00f6ffentliche Notare k\u00f6nnen wir rechtserhebliche Tatsachen und Rechtsverh\u00e4ltnisse beurkunden.<\/p>\n<p><strong>Apostille und Superbeglaubigung<br \/>\n<\/strong>Soll die von uns angefertigte Beglaubigung oder \u00f6ffentliche Urkunde im Ausland Verwendung finden, so ist oftmals eine Apostille oder Superbeglaubigung erforderlich. Gerne k\u00fcmmern wir uns auch darum f\u00fcr Sie. Apostillen k\u00f6nnen wir f\u00fcr Sie innert eines Arbeitstages einholen.<\/p>\n","protected":false},"excerpt":{"rendered":"<p>\u00d6ffentliche Urkunden Das Gesetz verlangt f\u00fcr bestimmte Rechtsgesch\u00e4fte und andere Rechtsakte, wie beispielsweise f\u00fcr die Errichtung einer Aktiengesellschaft oder f\u00fcr die Abtretung eines GmbH-Anteils, die Form der \u00f6ffentlichen Beurkundung. Hier kommen wir ins Spiel. Als \u00f6ffentliche Notare beraten wir Sie rechtlich umfassend in Bezug auf das von Ihnen abzuschliessende Rechtsgesch\u00e4ft und fertigen f\u00fcr Sie die &hellip; <a href=\"https:\/\/www.abb-notaries.com\/de\/dienstleistungen\/\">Continued<\/a><\/p>\n","protected":false},"author":1,"featured_media":0,"parent":0,"menu_order":5,"comment_status":"closed","ping_status":"closed","template":"","meta":{"_acf_changed":false,"_relevanssi_hide_post":"","_relevanssi_hide_content":"","_relevanssi_pin_for_all":"","_relevanssi_pin_keywords":"","_relevanssi_unpin_keywords":"","_relevanssi_related_keywords":"","_relevanssi_related_include_ids":"","_relevanssi_related_exclude_ids":"","_relevanssi_related_no_append":"","_relevanssi_related_not_related":"","_relevanssi_related_posts":"","_relevanssi_noindex_reason":"","footnotes":""},"class_list":["post-1227","page","type-page","status-publish","hentry"],"acf":[],"_links":{"self":[{"href":"https:\/\/www.abb-notaries.com\/de\/wp-json\/wp\/v2\/pages\/1227","targetHints":{"allow":["GET"]}}],"collection":[{"href":"https:\/\/www.abb-notaries.com\/de\/wp-json\/wp\/v2\/pages"}],"about":[{"href":"https:\/\/www.abb-notaries.com\/de\/wp-json\/wp\/v2\/types\/page"}],"author":[{"embeddable":true,"href":"https:\/\/www.abb-notaries.com\/de\/wp-json\/wp\/v2\/users\/1"}],"replies":[{"embeddable":true,"href":"https:\/\/www.abb-notaries.com\/de\/wp-json\/wp\/v2\/comments?post=1227"}],"version-history":[{"count":24,"href":"https:\/\/www.abb-notaries.com\/de\/wp-json\/wp\/v2\/pages\/1227\/revisions"}],"predecessor-version":[{"id":1836,"href":"https:\/\/www.abb-notaries.com\/de\/wp-json\/wp\/v2\/pages\/1227\/revisions\/1836"}],"wp:attachment":[{"href":"https:\/\/www.abb-notaries.com\/de\/wp-json\/wp\/v2\/media?parent=1227"}],"curies":[{"name":"wp","href":"https:\/\/api.w.org\/{rel}","templated":true}]}}