{"id":1247,"date":"2021-03-19T08:42:08","date_gmt":"2021-03-19T07:42:08","guid":{"rendered":"https:\/\/abb-notaries.www.schurtipartners.com\/?page_id=1247"},"modified":"2024-02-26T16:14:06","modified_gmt":"2024-02-26T15:14:06","slug":"rechtsanwaltskanzlei","status":"publish","type":"page","link":"https:\/\/www.abb-notaries.com\/de\/rechtsanwaltskanzlei\/","title":{"rendered":"Rechtsanwaltskanzlei"},"content":{"rendered":"<p>Unsere \u00f6ffentlichen Notare sind auch Rechtsanw\u00e4lte und als solche als Partner bei der <a href=\"https:\/\/www.schurtipartners.com\" target=\"_blank\" rel=\"noopener\">Schurti Partners Rechtanw\u00e4lte\u00a0AG<\/a> t\u00e4tig. Dies erlaubt es ihnen, auf die Expertise von Rechtsanw\u00e4lten zur\u00fcckzugreifen, die in Liechtenstein, New York, England und Wales, Irland, Schweiz, Deutschland und \u00d6sterreich zugelassen sind.<\/p>\n<p><a class=\"schurtipartners-logo\" href=\"https:\/\/www.schurtipartners.com\" target=\"_blank\" rel=\"noopener\"><img decoding=\"async\" class=\"alignnone size-full wp-image-496\" src=\"\/app\/uploads\/sites\/3\/2021\/03\/schurtipartners-logo.png\" alt=\"Schurtipartners Rechtsanw\u00e4lte AG\" \/><\/a><\/p>\n<p>Mehr Informationen zu Schurti Partners Rechtsanw\u00e4lte AG finden Sie auf\u00a0<a href=\"https:\/\/www.schurtipartners.com\" target=\"_blank\" rel=\"noopener\">schurtipartners.com.<\/a><\/p>\n","protected":false},"excerpt":{"rendered":"<p>Unsere \u00f6ffentlichen Notare sind auch Rechtsanw\u00e4lte und als solche als Partner bei der Schurti Partners Rechtanw\u00e4lte\u00a0AG t\u00e4tig. Dies erlaubt es ihnen, auf die Expertise von Rechtsanw\u00e4lten zur\u00fcckzugreifen, die in Liechtenstein, New York, England und Wales, Irland, Schweiz, Deutschland und \u00d6sterreich zugelassen sind. Mehr Informationen zu Schurti Partners Rechtsanw\u00e4lte AG finden Sie auf\u00a0schurtipartners.com.<\/p>\n","protected":false},"author":1,"featured_media":0,"parent":0,"menu_order":6,"comment_status":"closed","ping_status":"closed","template":"","meta":{"_acf_changed":false,"_relevanssi_hide_post":"","_relevanssi_hide_content":"","_relevanssi_pin_for_all":"","_relevanssi_pin_keywords":"","_relevanssi_unpin_keywords":"","_relevanssi_related_keywords":"","_relevanssi_related_include_ids":"","_relevanssi_related_exclude_ids":"","_relevanssi_related_no_append":"","_relevanssi_related_not_related":"","_relevanssi_related_posts":"","_relevanssi_noindex_reason":"","footnotes":""},"class_list":["post-1247","page","type-page","status-publish","hentry"],"acf":[],"_links":{"self":[{"href":"https:\/\/www.abb-notaries.com\/de\/wp-json\/wp\/v2\/pages\/1247","targetHints":{"allow":["GET"]}}],"collection":[{"href":"https:\/\/www.abb-notaries.com\/de\/wp-json\/wp\/v2\/pages"}],"about":[{"href":"https:\/\/www.abb-notaries.com\/de\/wp-json\/wp\/v2\/types\/page"}],"author":[{"embeddable":true,"href":"https:\/\/www.abb-notaries.com\/de\/wp-json\/wp\/v2\/users\/1"}],"replies":[{"embeddable":true,"href":"https:\/\/www.abb-notaries.com\/de\/wp-json\/wp\/v2\/comments?post=1247"}],"version-history":[{"count":23,"href":"https:\/\/www.abb-notaries.com\/de\/wp-json\/wp\/v2\/pages\/1247\/revisions"}],"predecessor-version":[{"id":1840,"href":"https:\/\/www.abb-notaries.com\/de\/wp-json\/wp\/v2\/pages\/1247\/revisions\/1840"}],"wp:attachment":[{"href":"https:\/\/www.abb-notaries.com\/de\/wp-json\/wp\/v2\/media?parent=1247"}],"curies":[{"name":"wp","href":"https:\/\/api.w.org\/{rel}","templated":true}]}}