{"id":1620,"date":"2021-04-27T13:46:19","date_gmt":"2021-04-27T11:46:19","guid":{"rendered":"https:\/\/abb.flowlabs.studio\/?page_id=1620"},"modified":"2024-02-18T21:04:40","modified_gmt":"2024-02-18T20:04:40","slug":"flying-notary","status":"publish","type":"page","link":"https:\/\/www.abb-notaries.com\/de\/flying-notary\/","title":{"rendered":"The Flying Notary"},"content":{"rendered":"<p>Wir erbringen unsere Dienstleistungen, soweit erforderlich, auch ausserhalb gew\u00f6hnlicher B\u00fcro\u00f6ffnungszeiten und an Wochenenden und Feiertagen.<\/p>\n<p>Auf Wunsch nehmen wir Beglaubigungen und Beurkundungen auch ausserhalb unserer Kanzleir\u00e4umlichkeiten beim Klienten oder an anderen Orten vor.<\/p>\n","protected":false},"excerpt":{"rendered":"<p>Wir erbringen unsere Dienstleistungen, soweit erforderlich, auch ausserhalb gew\u00f6hnlicher B\u00fcro\u00f6ffnungszeiten und an Wochenenden und Feiertagen. Auf Wunsch nehmen wir Beglaubigungen und Beurkundungen auch ausserhalb unserer Kanzleir\u00e4umlichkeiten beim Klienten oder an anderen Orten vor.<\/p>\n","protected":false},"author":1,"featured_media":0,"parent":0,"menu_order":7,"comment_status":"closed","ping_status":"closed","template":"","meta":{"_acf_changed":false,"_relevanssi_hide_post":"","_relevanssi_hide_content":"","_relevanssi_pin_for_all":"","_relevanssi_pin_keywords":"","_relevanssi_unpin_keywords":"","_relevanssi_related_keywords":"","_relevanssi_related_include_ids":"","_relevanssi_related_exclude_ids":"","_relevanssi_related_no_append":"","_relevanssi_related_not_related":"","_relevanssi_related_posts":"","_relevanssi_noindex_reason":"","footnotes":""},"class_list":["post-1620","page","type-page","status-publish","hentry"],"acf":[],"_links":{"self":[{"href":"https:\/\/www.abb-notaries.com\/de\/wp-json\/wp\/v2\/pages\/1620","targetHints":{"allow":["GET"]}}],"collection":[{"href":"https:\/\/www.abb-notaries.com\/de\/wp-json\/wp\/v2\/pages"}],"about":[{"href":"https:\/\/www.abb-notaries.com\/de\/wp-json\/wp\/v2\/types\/page"}],"author":[{"embeddable":true,"href":"https:\/\/www.abb-notaries.com\/de\/wp-json\/wp\/v2\/users\/1"}],"replies":[{"embeddable":true,"href":"https:\/\/www.abb-notaries.com\/de\/wp-json\/wp\/v2\/comments?post=1620"}],"version-history":[{"count":9,"href":"https:\/\/www.abb-notaries.com\/de\/wp-json\/wp\/v2\/pages\/1620\/revisions"}],"predecessor-version":[{"id":1822,"href":"https:\/\/www.abb-notaries.com\/de\/wp-json\/wp\/v2\/pages\/1620\/revisions\/1822"}],"wp:attachment":[{"href":"https:\/\/www.abb-notaries.com\/de\/wp-json\/wp\/v2\/media?parent=1620"}],"curies":[{"name":"wp","href":"https:\/\/api.w.org\/{rel}","templated":true}]}}